{"id":10262,"date":"2026-02-06T10:24:58","date_gmt":"2026-02-06T08:24:58","guid":{"rendered":"https:\/\/matuza-tactical.lt\/?post_type=product&#038;p=10262"},"modified":"2026-02-09T12:17:32","modified_gmt":"2026-02-09T10:17:32","slug":"soniniu-ploksciu-kiseniu-komplektas-15x20","status":"publish","type":"product","link":"https:\/\/matuza-tactical.lt\/en\/parduotuve\/soniniu-ploksciu-kiseniu-komplektas-15x20\/","title":{"rendered":"\u0160onini\u0173 plok\u0161\u010di\u0173 ki\u0161eni\u0173 komplektas 15&#215;20"},"content":{"rendered":"<p>Ki\u0161en\u0117s skirtos arba 15 x 20 cm dyd\u017eio \u0161onin\u0117ms plok\u0161t\u0117ms ne\u0161ioti. Jos pritaikytos storoms <em>standalone<\/em> tipo (3 cm storio) plok\u0161t\u0117ms.<\/p>\n<p><strong>GAMINIO SPECIFIKACIJA<\/strong><\/p>\n<ul>\n<li>Audinys 500D CORDURA\u00ae.<\/li>\n<li>Audinio spalvos kodas \u2013 RAL7013. \u0160i spalva yra analogi\u0161ka Lietuvos kariuomen\u0117s i\u0161duodamos ekipuot\u0117s spalvai, dar \u017einoma kaip <em>Stone Grey Olive<\/em> arba europieti\u0161ka <em>Ranger Green.<\/em><\/li>\n<li>Matmenys <span class=\"d2edcug0 hpfvmrgz qv66sw1b c1et5uql rrkovp55 a8c37x1j keod5gw0 nxhoafnm aigsh9s9 d3f4x2em fe6kdd0r mau55g9w c8b282yb iv3no6db jq4qci2q a3bd9o3v knj5qynh oo9gr5id\" dir=\"auto\">15 x 20 x 3 cm.\u00a0<\/span><\/li>\n<li>Svoris &#8211; 0,07 g.<\/li>\n<li>U\u017esegimas su kontaktine juosta.<\/li>\n<li>Rekomenduojame, jei yra galimyb\u0117, prie \u0161arvin\u0117s liemen\u0117s \u0161on\u0173 tvirtinti i\u0161 vidaus.<\/li>\n<li>Tvirtinamos PALS\/MOLLE sistema (3 stulpeliai x 3 eilut\u0117s).<\/li>\n<li>Dugnas i\u0161 tinklelio vandeniui i\u0161b\u0117gti.<\/li>\n<\/ul>\n<p><a href=\"https:\/\/matuza-tactical.lt\/en\/product-category\/sarvines-liemenes\/\">Plate Carriers and Accessories<\/a><\/p>\n<p><a href=\"https:\/\/www.youtube.com\/@matuzatactical\">Matuza Tactical youtube kanalas.<\/a><\/p>\n<p>&nbsp;<\/p>\n<p>&nbsp;<\/p>\n<p>&nbsp;<\/p>","protected":false},"excerpt":{"rendered":"<ul>\n<li><em>\u0160onini\u0173 plok\u0161\u010di\u0173 (15 x 20 cm) ki\u0161eni\u0173 komplektas.\u00a0<\/em><\/li>\n<\/ul>","protected":false},"featured_media":10254,"template":"","meta":{"_exactmetrics_skip_tracking":false,"_exactmetrics_sitenote_active":false,"_exactmetrics_sitenote_note":"","_exactmetrics_sitenote_category":0},"product_cat":[55],"product_tag":[],"class_list":{"0":"post-10262","1":"product","2":"type-product","3":"status-publish","4":"has-post-thumbnail","6":"product_cat-sarvines-liemenes","8":"first","9":"instock","10":"taxable","11":"shipping-taxable","12":"purchasable","13":"product-type-simple"},"aioseo_notices":[],"jetpack_sharing_enabled":true,"_links":{"self":[{"href":"https:\/\/matuza-tactical.lt\/en\/wp-json\/wp\/v2\/product\/10262","targetHints":{"allow":["GET"]}}],"collection":[{"href":"https:\/\/matuza-tactical.lt\/en\/wp-json\/wp\/v2\/product"}],"about":[{"href":"https:\/\/matuza-tactical.lt\/en\/wp-json\/wp\/v2\/types\/product"}],"wp:featuredmedia":[{"embeddable":true,"href":"https:\/\/matuza-tactical.lt\/en\/wp-json\/wp\/v2\/media\/10254"}],"wp:attachment":[{"href":"https:\/\/matuza-tactical.lt\/en\/wp-json\/wp\/v2\/media?parent=10262"}],"wp:term":[{"taxonomy":"product_cat","embeddable":true,"href":"https:\/\/matuza-tactical.lt\/en\/wp-json\/wp\/v2\/product_cat?post=10262"},{"taxonomy":"product_tag","embeddable":true,"href":"https:\/\/matuza-tactical.lt\/en\/wp-json\/wp\/v2\/product_tag?post=10262"}],"curies":[{"name":"wp","href":"https:\/\/api.w.org\/{rel}","templated":true}]}}