{"id":10153,"date":"2026-01-26T16:18:05","date_gmt":"2026-01-26T14:18:05","guid":{"rendered":"https:\/\/matuza-tactical.lt\/?post_type=product&#038;p=10153"},"modified":"2026-04-15T12:40:36","modified_gmt":"2026-04-15T09:40:36","slug":"greituke-762-m81-woodland","status":"publish","type":"product","link":"https:\/\/matuza-tactical.lt\/en\/parduotuve\/greituke-762-m81-woodland\/","title":{"rendered":"Greituk\u0117 7,62 M81 Woodland"},"content":{"rendered":"<p>Vienos d\u0117tuv\u0117s d\u0117klas pasi\u016btas i\u0161 tvirto 500D CORDURA\u00ae audinio. Greituk\u0117 7,62 M81 Woodland.\u00a0 Suderinama su Ak4, AR10, M14 ir FN SCAR-H PR 20 \u0161ovini\u0173 d\u0117tuv\u0117mis.<\/p>\n<p>D\u0117l atviro dizaino ir konstrukcij\u0105 palaikan\u010dios elastin\u0117s virvut\u0117s galima ne\u0161ioti ir kit\u0173 tip\u0173 d\u0117tuves. Plastiku sutvirtintas korpusas u\u017etikrina skland\u0173 ir tyl\u0173 d\u0117tuv\u0117s i\u0161traukim\u0105 ir \u012fd\u0117jim\u0105 atgal \u012f d\u0117kl\u0105.<\/p>\n<p>Prie ekipuot\u0117s d\u0117klas tvirtinamas PALS\/MOLLE sistema (2 stulpeliai x 2 eilut\u0117s). D\u0117klo priekyje yra 2 stulpeliai ir 2 eilut\u0117s PALS\/MOLLE dir\u017eeli\u0173, kurie leid\u017eia sujungti du d\u0117klus ar segti prie j\u0173 kitus ekipuot\u0117s elementus.<\/p>\n<p><strong>GAMINIO SPECIFIKACIJA<\/strong><\/p>\n<ul>\n<li>Audinys 500D CORDURA\u00ae.<\/li>\n<li>Matmenys 8,5x 3 x 11cm<\/li>\n<li>Audinio spalva M81 Woodland.<\/li>\n<li>Plastiku sutvirtintas korpusas u\u017etikrina skland\u0173 d\u0117tuv\u0117s i\u0161traukim\u0105 ir \u012fd\u0117jim\u0105 atgal \u012f d\u0117kl\u0105.<\/li>\n<li>D\u0117klo \u0161onai suformuoti i\u0161 standaus dvigubo dir\u017eelio.<\/li>\n<li>D\u0117tuv\u0117 prilaikoma elastine virvute i\u0161 vir\u0161aus ir i\u0161 \u0161on\u0173.<\/li>\n<li>Prie ekipuot\u0117s tvirtinamas PALS\/MOLLE sistema (2 stulpeliai x 2 eilut\u0117s).<\/li>\n<li>D\u0117klo priekyje yra 2 stulpeliai ir 2 eilut\u0117s PALS\/MOLLE dir\u017eeli\u0173, kurie leid\u017eia sujungti du d\u0117klus ar segti prie j\u0173 kitus ekipuot\u0117s elementus.<\/li>\n<li>Tylus veikimas.<\/li>\n<li>D\u0117klas pasi\u016btas i\u0161 IRR padengim\u0105 turin\u010di\u0173 med\u017eiag\u0173 (i\u0161skyrus juod\u0105 versij\u0105).<\/li>\n<\/ul>\n<p><a href=\"https:\/\/matuza-tactical.lt\/en\/product-category\/detuviu_deklai\/\">Kiti m\u016bs\u0173 d\u0117tuvi\u0173 d\u0117klai.<\/a><br \/>\n<a href=\"https:\/\/www.youtube.com\/@matuzatactical\">Matuza Tactical youtube kanalas\u00a0<\/a><\/p>\n<p>&nbsp;<\/p>\n<p>&nbsp;<\/p>","protected":false},"excerpt":{"rendered":"<p>Vienos d\u0117tuv\u0117s d\u0117klas, tinkamas AK,G36 ir AR15 tipo d\u0117tuv\u0117ms. Pasi\u016btas i\u0161 500D CORDURA\u00ae audinio. Korpusas sutvirtintas plastiku. Tvirtinamas PALS\/MOLLE (2&#215;2) sistema. Leid\u017eia greitai ir tyliai i\u0161traukti bei \u012fd\u0117ti d\u0117tuv\u0119 atgal \u012f d\u0117kl\u0105. Patikimas ir patikrintas b\u016bdas d\u0117tuv\u0117ms ne\u0161ioti lauko s\u0105lygomis.<\/p>\n<div class=\"btn-bubble-icon\"><\/div>","protected":false},"featured_media":10154,"template":"","meta":{"_exactmetrics_skip_tracking":false,"_exactmetrics_sitenote_active":false,"_exactmetrics_sitenote_note":"","_exactmetrics_sitenote_category":0},"product_cat":[133,136],"product_tag":[],"class_list":{"0":"post-10153","1":"product","2":"type-product","3":"status-publish","4":"has-post-thumbnail","6":"product_cat-m81woodland","7":"product_cat-nauji-gaminiai","9":"first","10":"onbackorder","11":"taxable","12":"shipping-taxable","13":"purchasable","14":"product-type-simple","15":"wpzoom-wc-spi-has-enabled"},"aioseo_notices":[],"jetpack_sharing_enabled":true,"_links":{"self":[{"href":"https:\/\/matuza-tactical.lt\/en\/wp-json\/wp\/v2\/product\/10153","targetHints":{"allow":["GET"]}}],"collection":[{"href":"https:\/\/matuza-tactical.lt\/en\/wp-json\/wp\/v2\/product"}],"about":[{"href":"https:\/\/matuza-tactical.lt\/en\/wp-json\/wp\/v2\/types\/product"}],"wp:featuredmedia":[{"embeddable":true,"href":"https:\/\/matuza-tactical.lt\/en\/wp-json\/wp\/v2\/media\/10154"}],"wp:attachment":[{"href":"https:\/\/matuza-tactical.lt\/en\/wp-json\/wp\/v2\/media?parent=10153"}],"wp:term":[{"taxonomy":"product_cat","embeddable":true,"href":"https:\/\/matuza-tactical.lt\/en\/wp-json\/wp\/v2\/product_cat?post=10153"},{"taxonomy":"product_tag","embeddable":true,"href":"https:\/\/matuza-tactical.lt\/en\/wp-json\/wp\/v2\/product_tag?post=10153"}],"curies":[{"name":"wp","href":"https:\/\/api.w.org\/{rel}","templated":true}]}}