{"id":10130,"date":"2026-01-26T15:14:01","date_gmt":"2026-01-26T13:14:01","guid":{"rendered":"https:\/\/matuza-tactical.lt\/?post_type=product&#038;p=10130"},"modified":"2026-04-15T12:54:55","modified_gmt":"2026-04-15T09:54:55","slug":"didysis-administratorius-m81-woodland","status":"publish","type":"product","link":"https:\/\/matuza-tactical.lt\/en\/parduotuve\/didysis-administratorius-m81-woodland\/","title":{"rendered":"Didysis administratorius M81 Woodland"},"content":{"rendered":"<p>D\u0117klas skirtas smulkiam inventoriui ne\u0161ioti.<\/p>\n<p><strong>GAMINIO SPECIFIKACIJA<\/strong><\/p>\n<ul>\n<li>Audinys 500D CORDURA\u00ae.<\/li>\n<li>Audinio spalvos kodas \u2013 M81 Woodland.<\/li>\n<li>Prie ekipuot\u0117s tvirtinamas PALS\/MOLLE sistema (u\u017eima 4 stulpelius x 3 eilutes).<\/li>\n<li>Matmenys 18 x 13,5 x 4 cm.<\/li>\n<li><strong>Priekyje<\/strong>:\n<ul>\n<li>17 x 10 cm mink\u0161ta kontaktin\u0117 juosta skirta pavard\u0117ms, laipsniams ar kitokiems antsiuvams lipdyti.<\/li>\n<li>U\u017etrauktuku u\u017esegama ki\u0161en\u0117 atmintin\u0117ms ar kitiems daiktams ne\u0161ioti.<\/li>\n<\/ul>\n<\/li>\n<li><strong>Pagrindiniame skyriuje<\/strong>:\n<ul>\n<li>2 kilpos inventoriui priri\u0161ti.<\/li>\n<li>Ki\u0161en\u0117 ant priekin\u0117s pertvaros, kurioje telpa 4 x 6 coli\u0173 dyd\u017eio (didel\u0117) \u201eRite in the Rain\u201c tipo u\u017era\u0161\u0173 knygut\u0117 arba \u017eem\u0117lapis.<\/li>\n<li>Gumin\u0117s kilpos prisi\u016btos per vis\u0105 priekin\u0117s vidin\u0117s ki\u0161en\u0117s ilg\u012f. Kra\u0161tuose po vien\u0105 didel\u0119 (pro\u017eektoriui arba pistoleto d\u0117tuvei), centrin\u0117je dalyje &#8211; ma\u017eos (ra\u0161ymo priemon\u0117ms).<\/li>\n<li>U\u017etrauktuku u\u017esegama ki\u0161en\u0117 galin\u0117je sienoje smulkiam inventoriui (baterijoms ir pan.) ne\u0161ioti.<\/li>\n<li>Dvi ki\u0161en\u0117l\u0117s ant galin\u0117s sienos, kuriose telpa kompaso dyd\u017eio daiktai.<\/li>\n<\/ul>\n<\/li>\n<\/ul>\n<p><a href=\"https:\/\/matuza-tactical.lt\/en\/product-category\/adminai\/\">\u00a0 \u00a0 \u00a0 \u00a0 \u00a0 \u00a0 \u00a0 \u00a0Admin Pouches<\/a><br \/>\n<a href=\"https:\/\/www.youtube.com\/@matuzatactical\">\u00a0 \u00a0 \u00a0 \u00a0 \u00a0 \u00a0 \u00a0 Matuza Tactical youtube kanalas.<\/a><\/p>\n<p>&nbsp;<\/p>\n<div class=\"btn-bubble-icon\"><\/div>","protected":false},"excerpt":{"rendered":"<p>D\u0117klas skirtas smulkiam inventoriui ne\u0161ioti.<\/p>","protected":false},"featured_media":10135,"template":"","meta":{"_exactmetrics_skip_tracking":false,"_exactmetrics_sitenote_active":false,"_exactmetrics_sitenote_note":"","_exactmetrics_sitenote_category":0},"product_cat":[133],"product_tag":[],"class_list":{"0":"post-10130","1":"product","2":"type-product","3":"status-publish","4":"has-post-thumbnail","6":"product_cat-m81woodland","8":"first","9":"onbackorder","10":"taxable","11":"shipping-taxable","12":"purchasable","13":"product-type-simple","14":"wpzoom-wc-spi-has-enabled"},"aioseo_notices":[],"jetpack_sharing_enabled":true,"_links":{"self":[{"href":"https:\/\/matuza-tactical.lt\/en\/wp-json\/wp\/v2\/product\/10130","targetHints":{"allow":["GET"]}}],"collection":[{"href":"https:\/\/matuza-tactical.lt\/en\/wp-json\/wp\/v2\/product"}],"about":[{"href":"https:\/\/matuza-tactical.lt\/en\/wp-json\/wp\/v2\/types\/product"}],"wp:featuredmedia":[{"embeddable":true,"href":"https:\/\/matuza-tactical.lt\/en\/wp-json\/wp\/v2\/media\/10135"}],"wp:attachment":[{"href":"https:\/\/matuza-tactical.lt\/en\/wp-json\/wp\/v2\/media?parent=10130"}],"wp:term":[{"taxonomy":"product_cat","embeddable":true,"href":"https:\/\/matuza-tactical.lt\/en\/wp-json\/wp\/v2\/product_cat?post=10130"},{"taxonomy":"product_tag","embeddable":true,"href":"https:\/\/matuza-tactical.lt\/en\/wp-json\/wp\/v2\/product_tag?post=10130"}],"curies":[{"name":"wp","href":"https:\/\/api.w.org\/{rel}","templated":true}]}}