{"id":10118,"date":"2026-01-26T14:55:47","date_gmt":"2026-01-26T12:55:47","guid":{"rendered":"https:\/\/matuza-tactical.lt\/?post_type=product&#038;p=10118"},"modified":"2026-04-15T12:55:32","modified_gmt":"2026-04-15T09:55:32","slug":"mazasis-administratorius-m81-woodland","status":"publish","type":"product","link":"https:\/\/matuza-tactical.lt\/en\/parduotuve\/mazasis-administratorius-m81-woodland\/","title":{"rendered":"Ma\u017easis administratorius M81 Woodland"},"content":{"rendered":"<p><strong>PASKIRTIS<\/strong><\/p>\n<p>D\u0117klas skirtas smulkiam inventoriui ne\u0161ioti pilnai atsegamas u\u017etrauktuku. Atidarymo kampas reguliuojamas virvute.<\/p>\n<p><strong>GAMINIO SPECIFIKACIJA<\/strong><\/p>\n<ul>\n<li>Audinys 500D CORDURA\u00ae.<\/li>\n<li>Audinio spalva M81 Woodland<\/li>\n<li>Prie ekipuot\u0117s tvirtinamas PALS\/MOLLE sistema (u\u017eima 4 stulpelius x 2 eilutes).<\/li>\n<li>Matmenys 18 x 12 x 4 cm.<\/li>\n<li><strong>Priekyje<\/strong>:\n<ul>\n<li>Mink\u0161ta kontaktin\u0117 juosta skirta pavard\u0117ms, laipsniams ar kitokiems antsiuvams lipdyti.<\/li>\n<\/ul>\n<\/li>\n<li><strong>Pagrindiniame skyriuje<\/strong>:\n<ul>\n<li>Ki\u0161en\u0117 nugarin\u0117je dalyje, kurioje telpa 4 x 6 coli\u0173 dyd\u017eio (didel\u0117) \u201eRite in the Rain\u201c tipo u\u017era\u0161\u0173 knygut\u0117 arba \u017eem\u0117lapis.<\/li>\n<li>Ant ki\u0161en\u0117s prisi\u016btos gumin\u0117s kilpos horizontaliam ra\u0161ymo priemoni\u0173 arba atsargini\u0173 baterij\u0173 ne\u0161iojimui.<\/li>\n<li>Vidin\u0117s dalies priekyje &#8211; skaidraus plastiko ki\u0161en\u0117 atmintin\u0117ms u\u017esiki\u0161ti.<\/li>\n<li>Skaidrus plastikas atsparus aplinkos poveikiui ir i\u0161laiko savo savybes net iki -25 laipsni\u0173 \u0161al\u010dio.<\/li>\n<li>Kilpos inventoriui priri\u0161ti.<\/li>\n<\/ul>\n<\/li>\n<\/ul>\n<p><a href=\"https:\/\/matuza-tactical.lt\/en\/product-category\/adminai\/\">\u00a0 \u00a0 \u00a0 \u00a0 \u00a0 \u00a0 \u00a0Admin Pouches<\/a><br \/>\n<a href=\"https:\/\/www.youtube.com\/@matuzatactical\">\u00a0 \u00a0 \u00a0 \u00a0 \u00a0 \u00a0 \u00a0Matuza Tactical youtube kanalas.<\/a><\/p>\n<p>&nbsp;<\/p>","protected":false},"excerpt":{"rendered":"<p>D\u0117klas skirtas smulkiam inventoriui ne\u0161ioti.<\/p>","protected":false},"featured_media":10119,"template":"","meta":{"_exactmetrics_skip_tracking":false,"_exactmetrics_sitenote_active":false,"_exactmetrics_sitenote_note":"","_exactmetrics_sitenote_category":0},"product_cat":[133],"product_tag":[],"class_list":{"0":"post-10118","1":"product","2":"type-product","3":"status-publish","4":"has-post-thumbnail","6":"product_cat-m81woodland","8":"first","9":"onbackorder","10":"taxable","11":"shipping-taxable","12":"purchasable","13":"product-type-simple","14":"wpzoom-wc-spi-has-enabled"},"aioseo_notices":[],"jetpack_sharing_enabled":true,"_links":{"self":[{"href":"https:\/\/matuza-tactical.lt\/en\/wp-json\/wp\/v2\/product\/10118","targetHints":{"allow":["GET"]}}],"collection":[{"href":"https:\/\/matuza-tactical.lt\/en\/wp-json\/wp\/v2\/product"}],"about":[{"href":"https:\/\/matuza-tactical.lt\/en\/wp-json\/wp\/v2\/types\/product"}],"wp:featuredmedia":[{"embeddable":true,"href":"https:\/\/matuza-tactical.lt\/en\/wp-json\/wp\/v2\/media\/10119"}],"wp:attachment":[{"href":"https:\/\/matuza-tactical.lt\/en\/wp-json\/wp\/v2\/media?parent=10118"}],"wp:term":[{"taxonomy":"product_cat","embeddable":true,"href":"https:\/\/matuza-tactical.lt\/en\/wp-json\/wp\/v2\/product_cat?post=10118"},{"taxonomy":"product_tag","embeddable":true,"href":"https:\/\/matuza-tactical.lt\/en\/wp-json\/wp\/v2\/product_tag?post=10118"}],"curies":[{"name":"wp","href":"https:\/\/api.w.org\/{rel}","templated":true}]}}