{"id":768,"date":"2021-01-14T20:25:52","date_gmt":"2021-01-14T18:25:52","guid":{"rendered":"http:\/\/matuza-tactical.lt\/?page_id=768"},"modified":"2025-04-07T09:59:23","modified_gmt":"2025-04-07T06:59:23","slug":"taisykles-ir-salygos","status":"publish","type":"page","link":"https:\/\/matuza-tactical.lt\/en\/taisykles-ir-salygos\/","title":{"rendered":"Terms and conditions"},"content":{"rendered":"<h2 class=\"wp-block-heading\">Registracija<\/h2>\n\n\n\n<p>Nor\u0117dami sukurti savo paskyr\u0105 Matuza Tactical svetain\u0117je, pasirinkite nuorod\u0105 <em><a href=\"https:\/\/matuza-tactical.lt\/en\/mano_paskyra\/\">My Account<\/a> <\/em>ir suveskite savo duomenis. Prisiregistrav\u0119 klientai gali matyti savo u\u017esakym\u0173 istorij\u0105, redaguoti savo registracijos ir pristatymo duomenis.<\/p>\n\n\n\n<h2 class=\"wp-block-heading\">U\u017esakymo pateikimas<\/h2>\n\n\n\n<p>U\u017esakymus pateikti gali tiek prisiregistrav\u0119, tiek neprisiregistrav\u0119 vartotojai. Nor\u0117dami u\u017esakyti gamin\u012f, pasirinkite kiek\u012f ir dyd\u012f (jei yra) ir spauskite nuorod\u0105 <em>\u012e krep\u0161el\u012f<\/em>. Pasirink\u0119 visus norimus gaminius, spauskite nuorod\u0105 <em>Per\u017ei\u016br\u0117ti krep\u0161el\u012f<\/em>. Atsidariusiame lange matysite pasirinktus gaminius, j\u0173 kiekius ir kainas. Spauskite nuorod\u0105 <em>T\u0119sti atsiskaitym\u0105<\/em>. Jei esate neregistruotas vartotojas, atsidariusiame lange suveskite savo asmens duomenis ir pasirinkite pristatymo b\u016bd\u0105. Spauskite nuorod\u0105 <em>Apmok\u0117ti<\/em>. \u012e savo elektronin\u012f pa\u0161t\u0105 gausite u\u017esakymo patvirtinim\u0105 ir informacij\u0105 apie u\u017esakymo \u012fvykdymo termin\u0105.<\/p>\n\n\n\n<h2 class=\"wp-block-heading\">Pristatymo b\u016bdai<\/h2>\n\n\n\n<p>Siun\u010diame Lietuvos pa\u0161tu ir visais Lietuvoje veikian\u010diais pa\u0161tomatais (Omniva, LP Express, DPD). Pristatymo kaina bet kuriuo pasirinktu b\u016bdu yra 2,50 \u20ac. Visus u\u017esakymus nuo 50 \u20ac siun\u010diame nemokamai. D\u0117l galimyb\u0117s si\u0173sti kitais b\u016bdais (kurjeriu, autobus\u0173 siunta, \u012f u\u017esien\u012f), pra\u0161ome susisiekti asmeni\u0161kai. Kiekvienu konkre\u010diu atveju kaina bus nustatoma atskirai.<\/p>\n\n\n\n<h2 class=\"wp-block-heading\">Atsiskaitymas<\/h2>\n\n\n\n<p>Kai u\u017esakymas bus paruo\u0161tas, \u012f savo elektronin\u012f pa\u0161t\u0105 gausite s\u0105skait\u0105-fakt\u016br\u0105. Apmok\u0117kite j\u0105 bankiniu pavedimu. Mok\u0117jimo paskirtyje nurodykite s\u0105skaitos numer\u012f. U\u017esakym\u0105 i\u0161si\u0173sime j\u016bs\u0173 nurodytais duomenimis kit\u0105 darbo dien\u0105 nuo pavedimo gavimo. Jei norite, kad u\u017esakym\u0105 i\u0161si\u0173stume grei\u010diau negu bankai perves pinigus, atsi\u0173skite pavedimo kopij\u0105 ar ekrano nuotrauk\u0105 m\u016bs\u0173 el. pa\u0161tu info@matuza-tactical.lt arba para\u0161ykite mums \u012f Facebook arba Instagram paskyras.<\/p>\n\n\n\n<h2 class=\"wp-block-heading\">Preki\u0173 gr\u0105\u017einimas ir keitimas<\/h2>\n\n\n\n<p>L\u016bkes\u010di\u0173 nepateisinusius gaminius galima gr\u0105\u017einti per 14 dien\u0173 nuo s\u0105skaitos fakt\u016bros apmok\u0117jimo dienos. Gr\u0105\u017einti galima nenaudotus ir nepa\u017eeistus gaminius. Nor\u0117dami gr\u0105\u017einti gaminius, susisiekite su mumis el. pa\u0161tu info@matuza-tactical.lt ir nurodykite gr\u0105\u017einimo prie\u017eastis. Pirk\u0117jas prisiima preki\u0173 gr\u0105\u017einimo i\u0161laidas. Pinigai gr\u0105\u017einami atgavus gaminius, ne\u012fskaitant pristatymo i\u0161laid\u0173. Nor\u0117dami pakeisti gamin\u012f \u012f kit\u0105 tos pa\u010dios r\u016b\u0161ies gamin\u012f (pvz., dir\u017eo dyd\u012f), kei\u010diamas gaminys turi b\u016bti nenaudotas ir nepa\u017eeistas. Keitimo atveju pirk\u0117jas padengia tik pirmin\u0117s prek\u0117s gr\u0105\u017einimo i\u0161laidas, kei\u010diamas gaminys i\u0161siun\u010diamas be papildomo mokes\u010dio. Nor\u0117dami pasikeisti netikusius gaminius, susisiekite su mumis el. pa\u0161tu info@matuza-tactical.lt<\/p>\n\n\n\n<h2 class=\"wp-block-heading\">Garantija<\/h2>\n\n\n\n<p>Matuza Tactical gamini\u0173 si\u016bl\u0117ms suteikiama neribota garantija. Si\u016bli\u0173 ply\u0161imo arba gamyklinio broko atveju susisiekite su mumis el. pa\u0161tu info@matuza-tactical.lt. Garantija neteikiama plastikin\u0117ms dalims,  audiniams, dir\u017eeliams ir kitiems elementams, kuri\u0173 gamintojas yra ne Matuza Tactical.<\/p>","protected":false},"excerpt":{"rendered":"<p>Registracija Nor\u0117dami sukurti savo paskyr\u0105 Matuza Tactical svetain\u0117je, pasirinkite nuorod\u0105 Mano paskyra ir suveskite savo duomenis. Prisiregistrav\u0119 klientai gali matyti savo u\u017esakym\u0173 istorij\u0105, redaguoti savo registracijos ir pristatymo duomenis. U\u017esakymo pateikimas U\u017esakymus pateikti gali tiek prisiregistrav\u0119, tiek neprisiregistrav\u0119 vartotojai. Nor\u0117dami u\u017esakyti gamin\u012f, pasirinkite kiek\u012f ir dyd\u012f (jei yra) ir spauskite nuorod\u0105 \u012e krep\u0161el\u012f. Pasirink\u0119 visus [&hellip;]<\/p>\n","protected":false},"author":2,"featured_media":0,"parent":0,"menu_order":0,"comment_status":"closed","ping_status":"closed","template":"","meta":{"_exactmetrics_skip_tracking":false,"_exactmetrics_sitenote_active":false,"_exactmetrics_sitenote_note":"","_exactmetrics_sitenote_category":0,"footnotes":""},"class_list":["post-768","page","type-page","status-publish","hentry"],"aioseo_notices":[],"jetpack_sharing_enabled":true,"_links":{"self":[{"href":"https:\/\/matuza-tactical.lt\/en\/wp-json\/wp\/v2\/pages\/768","targetHints":{"allow":["GET"]}}],"collection":[{"href":"https:\/\/matuza-tactical.lt\/en\/wp-json\/wp\/v2\/pages"}],"about":[{"href":"https:\/\/matuza-tactical.lt\/en\/wp-json\/wp\/v2\/types\/page"}],"author":[{"embeddable":true,"href":"https:\/\/matuza-tactical.lt\/en\/wp-json\/wp\/v2\/users\/2"}],"replies":[{"embeddable":true,"href":"https:\/\/matuza-tactical.lt\/en\/wp-json\/wp\/v2\/comments?post=768"}],"version-history":[{"count":2,"href":"https:\/\/matuza-tactical.lt\/en\/wp-json\/wp\/v2\/pages\/768\/revisions"}],"predecessor-version":[{"id":922,"href":"https:\/\/matuza-tactical.lt\/en\/wp-json\/wp\/v2\/pages\/768\/revisions\/922"}],"wp:attachment":[{"href":"https:\/\/matuza-tactical.lt\/en\/wp-json\/wp\/v2\/media?parent=768"}],"curies":[{"name":"wp","href":"https:\/\/api.w.org\/{rel}","templated":true}]}}