{"id":3,"date":"2020-10-11T16:09:52","date_gmt":"2020-10-11T16:09:52","guid":{"rendered":"http:\/\/matuza-tactical.lt\/?page_id=3"},"modified":"2021-02-02T12:58:59","modified_gmt":"2021-02-02T10:58:59","slug":"privatumo-politika","status":"publish","type":"page","link":"https:\/\/matuza-tactical.lt\/en\/privatumo-politika\/","title":{"rendered":"Privacy policy"},"content":{"rendered":"<p><strong>1. K\u0105 rei\u0161kia \u0161i privatumo politika?<\/strong><br>\u0160i privatumo politika (toliau&nbsp;\u2013 Privatumo politika) apibr\u0117\u017eia s\u0105lygas, kuri\u0173 privalo laikytis visi interneto svetain\u0117s https:\/\/matuza-tactical.lt (toliau&nbsp;\u2013 Interneto svetain\u0117) lankytojai (toliau&nbsp;\u2013 Lankytojai).<\/p>\n\n\n\n<p>Laikoma, kad Lankytojas susipa\u017e\u012fsta ir i\u0161rei\u0161kia savo sutikim\u0105 laikytis Privatumo politikos, kai jis apsilanko Interneto svetain\u0117je, prisijungia prie Interneto svetain\u0117s ir (ar) \u012fsigyja Interneto svetain\u0117je parduodam\u0105 prek\u0119 ir (ar) paslaug\u0105. Lankytojas, nesutinkantis su kuria nors Privatumo politikos nuostata, praranda teis\u0119 lankytis Interneto svetain\u0117je, prisijungti ir naudotis visomis ir (ar) bet kuria i\u0161 Interneto svetain\u0117je teikiam\u0173 paslaug\u0173.<\/p>\n\n\n\n<p><strong>2. Koki\u0105 informacij\u0105 renkame?<\/strong><\/p>\n\n\n\n<p>Teikdamas paslaugas Interneto svetain\u0117je paslaug\u0173 teik\u0117jas gali rinkti, kaupti ir naudoti tokius asmens duomenis:<\/p>\n\n\n\n<ul class=\"wp-block-list\"><li>informacij\u0105, kuri\u0105 J\u016bs pateikiate registruodamiesi ir (ar) pirkdami Interneto svetain\u0117je, \u012fskaitant vard\u0105, pavard\u0119, adres\u0105, elektroninio pa\u0161to adres\u0105, mobiliojo telefono numer\u012f;<\/li><li>informacij\u0105 apie J\u016bs\u0173 kompiuter\u012f ir apie J\u016bs\u0173 apsilankymus ir naudojim\u0105si \u0161ia Interneto svetaine, \u012fskaitant J\u016bs\u0173\u0328 IP adres\u0105, prisijungimo prie Interneto svetain\u0117s laik\u0105 ir dat\u0105;<\/li><li>bet koki\u0105 kit\u0105 informacij\u0105, kuri\u0105 J\u016bs galite pateikti mums bet kuriuo metu, naudodamiesi m\u016bs\u0173 Interneto svetaine ir joje teikiamomis paslaugomis ar su mumis bendraudami.<\/li><\/ul>\n\n\n\n<p><strong>3. J\u016bs\u0173 asmens duomen\u0173 naudojimas<\/strong><\/p>\n\n\n\n<p>M\u016bs\u0173 renkami asmens duomenys yra naudojami i\u0161skirtinai \u0161ioje Privatumo politikoje nurodytais tikslais.<\/p>\n\n\n\n<p>Mes galime panaudoti J\u016bs\u0173 asmens duomenis:<\/p>\n\n\n\n<ul class=\"wp-block-list\"><li>kad suteiktume Jums galimyb\u0119 naudotis m\u016bs\u0173 Interneto svetaine ir joje teikiamomis paslaugomis;<\/li><li>s\u0105skait\u0173 fakt\u016br\u0173 i\u0161ra\u0161ymo ir siuntimo Jums tikslais;<\/li><li>prane\u0161im\u0173 siuntimui, susira\u0161in\u0117jimui su Jumis;<\/li><li>m\u016bs\u0173 naujien\u0173 ir kitos su m\u016bs\u0173 teikiamomis paslaugomis susijusios informacijos, kuri, m\u016bs\u0173 nuomone, yra Jums reikalinga, siuntimui pa\u0161tu, elektroniniu pa\u0161tu ar kitomis priemon\u0117mis (J\u016bs galite bet kuriuo metu atsisakyti toki\u0173 naujien\u0173\u0328 ir informacijos, prane\u0161dami mums elektroniniu pa\u0161tu info@matuza-tactical.lt arba paspausdami interaktyvi\u0105 nuorod\u0105 gauto prane\u0161imo apa\u010dioje d\u0117l pageidavimo ateityje negauti tiesiogines rinkodaros prane\u0161im\u0173). J\u016bs\u0173\u0328 asmens duomenys bus saugomi ne ilgiau nei to reikalauja nustatyti duomen\u0173 tvarkymo tikslai ir ne ilgiau nei 5 (penkerius) metus po paskutinio J\u016bs\u0173 prisijungimo prie Internetines svetain\u0117s. Kai asmens duomenys taps nebereikalingi j\u0173 tvarkymo tikslams ar pasibaigs nustatytas saugojimo terminas, jie bus saugiai sunaikinami, i\u0161skyrus tuos, kurie \u012fstatym\u0173 nustatytais atvejais turi b\u016bti perduoti valstybiniams archyvams.<\/li><\/ul>\n\n\n\n<p><strong>4. Tiesiogin\u0117 rinkodara<\/strong><\/p>\n\n\n\n<p>Jei i\u0161rei\u0161k\u0117te savo sutikim\u0105, galime Jums el. pa\u0161tu teikti \u012fvairius tiesiogin\u0117s rinkodaros pasi\u016blymus.<\/p>\n\n\n\n<p>Jeigu J\u016bs nepageidaujate gauti toki\u0173 pasi\u016blym\u0173\u0328, galite informuoti mus apie toki\u0173 pasi\u016blym\u0173 atsisakym\u0105 elektroniniu pa\u0161tu info@matuza-tactical.lt arba paspausti atitinkam\u0105 nuorod\u0105 bet kuriame Jums jau i\u0161si\u0173stame prane\u0161ime apie pasi\u016blymus.<\/p>\n\n\n\n<p><strong>5. Duomen\u0173\u0328 atskleidimas<\/strong><\/p>\n\n\n\n<p>Mes galime atskleisti informacij\u0105 apie Jus m\u016bs\u0173 darbuotojams ar kurjeriams, jei tai pagr\u012fstai reikalinga \u0161ioje Privatumo politikoje nurodytiems tikslams.<\/p>\n\n\n\n<p>Be to, mes galime atskleisti informacij\u0105 apie Jus:<\/p>\n\n\n\n<ul class=\"wp-block-list\"><li>jei tai privaloma pagal \u012fstatym\u0105\u0328;<\/li><li>siekiant apginti savo teises ar interesus (\u012fskaitant J\u016bs\u0173\u0328 duomen\u0173 pateikim\u0105 tretiems asmenims, siekiant i\u0161ie\u0161koti J\u016bs\u0173 \u012fsiskolinimus mums).<\/li><\/ul>\n\n\n\n<p><strong>6. J\u016bs\u0173 asmens duomen\u0173 saugumas<\/strong><\/p>\n\n\n\n<p>J\u016bs\u0173 asmens duomenys bus tvarkomi laikantis Lietuvos Respublikos asmens duomen\u0173 teisin\u0117s apsaugos \u012fstatymo bei kit\u0173 teis\u0117s aktais nustatyt\u0173 reikalavim\u0173. Tvarkydami J\u016bs\u0173 asmens duomenis, mes \u012fgyvendiname organizacines ir technines priemones, kurios u\u017etikrina asmens duomen\u0173 apsaug\u0105 nuo atsitiktinio ar neteis\u0117to sunaikinimo, pakeitimo, atskleidimo, taip pat nuo bet kokio kito neteis\u0117to tvarkymo.<\/p>\n\n\n\n<p>\u017dinoma, duomen\u0173 perdavimas internetu i\u0161 esm\u0117s yra nesaugus, ir mes negalime garantuoti saugaus duomen\u0173 perdavimo interneto tinklais.<\/p>\n\n\n\n<p><strong>7. J\u016bs\u0173 sutikimai ir teis\u0117s<\/strong><\/p>\n\n\n\n<p>U\u017esiregistruodamas m\u016bs\u0173 Interneto svetain\u0117je ar kitaip naudodamasis m\u016bs\u0173 Interneto svetain\u0117je teikiamomis paslaugomis, J\u016bs patvirtinate, kad susipa\u017einote su \u0161ia Privatumo politika ir su ja sutinkate bei kartu suteikiate mums teis\u0119 rinkti, kaupti, sisteminti, naudoti ir tvarkyti \u0161ioje Privatumo politikoje numatytais tikslais visus \u010dia nurodytus asmens duomenis.<\/p>\n\n\n\n<p>J\u016bs galite pateikti ra\u0161ytin\u012f\u0328 pra\u0161ym\u0105 (pa\u0161tu ar elektroniniu pa\u0161tu) mums suteikti Jums informacij\u0105, i\u0161 koki\u0173 \u0161altini\u0173 ir kokie J\u016bs\u0173 asmens duomenys surinkti, kokiu tikslu jie tvarkomi, kokiems duomen\u0173 gav\u0117jams teikiami. \u012e tokius pra\u0161ymus mes atsakome teis\u0117s akt\u0173 nustatyta tvarka ir terminais ir stengiam\u0117s pateikti Jums informacij\u0105 kiek \u012fmanoma grei\u010diau, bet ne v\u0117liau kaip per 30 dien\u0173 nuo J\u016bs\u0173 pra\u0161ymo gavimo. J\u016bs\u0173 pra\u0161ymu, tokie duomenys pateikiami ra\u0161tu nurodytu adresu ar elektroninio pa\u0161to adresu. Informacijos apie tai, i\u0161 koki\u0173 \u0161altini\u0173 ir kokie J\u016bs\u0173 asmens duomenys surinkti, kokiu tikslu jie tvarkomi ir kokiems duomen\u0173 gav\u0117jams buvo pateikti per paskutinius vienerius metus, pateikimas yra nemokamas. Jeigu, gavus pra\u0161ym\u0105, mums kilo \u012ftarim\u0173 d\u0117l besikreipian\u010diojo asmens tapatyb\u0117s, mes turime teis\u0119 papra\u0161yti besikreipian\u010diojo asmens tapatyb\u0117s dokumento ar jo kopijos.<\/p>\n\n\n\n<p>J\u016bs taip pat turite teis\u0119, pateik\u0119s mums ra\u0161ytin\u012f pra\u0161ym\u0105 (pa\u0161tu ar elektroniniu pa\u0161tu), reikalauti i\u0161taisyti neteisingus, nei\u0161samius, netikslius savo asmens duomenis, reikalauti sustabdyti, i\u0161skyrus saugojim\u0105, savo asmens duomen\u0173 tvarkymo veiksmus, kai duomenys tvarkomi nesilaikant \u012fstatym\u0173 ir \u0161ios Privatumo politikos s\u0105lyg\u0173. Konkre\u010diu J\u016bs\u0173 ra\u0161ytiniu pra\u0161ymu, visa J\u016bs\u0173 asmenin\u0117 informacija gali b\u016bti pa\u0161alinta. Jeigu, gavus pra\u0161ym\u0105, mums kilo \u012ftarim\u0173 d\u0117l besikreipian\u010diojo asmens tapatyb\u0117s, mes turime teis\u0119 papra\u0161yti besikreipian\u010diojo asmens tapatyb\u0117s dokumento ar jo kopijos.<\/p>\n\n\n\n<p><strong>8. Tre\u010di\u0173j\u0173 \u0161ali\u0173 interneto svetain\u0117s<\/strong><\/p>\n\n\n\n<p>M\u016bs\u0173 Interneto svetain\u0117je gali atsirasti nuorod\u0173 \u012f kitas interneto svetaines. Mes nesame atsakingi u\u017e privatumo politik\u0105 ir jos \u012fgyvendinim\u0105 tre\u010di\u0173j\u0173 \u0161ali\u0173 tinklapiuose.<\/p>\n\n\n\n<p><strong>9. Atsakomyb\u0117<\/strong><\/p>\n\n\n\n<p>J\u016bs esate atsakingas u\u017e tai, kad J\u016bs\u0173 mums pateikti duomenys b\u016bt\u0173 tiksl\u016bs, teisingi ir i\u0161sam\u016bs. Jeigu pasikei\u010dia J\u016bs\u0173 pateikti duomenys, J\u016bs turite nedelsdamas mus apie tai informuoti, pakeisdamas atitinkamus duomenis registracijos formoje ar, jeigu duomenys n\u0117ra nurodyti registracijos formoje, informuodamas apie tai mus elektroniniu pa\u0161tu. Mes jokiu atveju neb\u016bsime atsakingi u\u017e \u017eal\u0105, atsiradusi\u0105 Jums d\u0117l to, jog J\u016bs nurod\u0117te neteisingus ar nei\u0161samius asmens duomenis arba neinformavote m\u016bs\u0173 jiems pasikeitus.<\/p>\n\n\n\n<p><strong>10. Slapuk\u0173 politika<\/strong><\/p>\n\n\n\n<p><strong>Kas yra slapukai?<\/strong><\/p>\n\n\n\n<p>Slapukai yra nedideli tekstiniai failai, kurie atsiun\u010diami \u012f J\u016bs\u0173 \u012frengin\u012f, Jums besilankant atitinkamoje interneto svetain\u0117je. Slapukai padeda mums atpa\u017einti J\u016bs\u0173 \u012frengin\u012f ir padeda mums pagerinti m\u016bs\u0173 interneto svetain\u0117s funkcionalum\u0105 bei palengvinti naudojim\u0105si ja. Slapukai n\u0117ra virusai. Slapuk\u0173 naudojimas yra visi\u0161kai saugus J\u016bs\u0173 \u012frenginiams ir informacijai esan\u010diai juose.<\/p>\n\n\n\n<p><strong>Kam mes naudojame slapukus?<\/strong><\/p>\n\n\n\n<p>Slapukus mes naudojame siekiant pagerinti m\u016bs\u0173 interneto svetain\u0117s bei mobiliosios aplikacijos funkcionalum\u0105 bei palengvinti naudojim\u0105si ja. Slapukus taip pat mes naudojame siekiant individualizuoti j\u016bs\u0173 nar\u0161ymo patirt\u012f ir Jums rodom\u0105 turin\u012f bei pateikti pasi\u016blymus, kurie b\u016bt\u0173 aktual\u016bs b\u016btent Jums. Slapukais mes analizuojame J\u016bs\u0173 nar\u0161ymo istorij\u0105 ir \u0161iuos duomenis naudojame siekiant sudaryti Jums galimyb\u0119 naudotis m\u016bs\u0173 paslaugomis, statistin\u0117s analiz\u0117s tikslams, nor\u0117dami, pateikti Jums komercinius ir reklaminius pasi\u016blymus. J\u016bs\u0173 nuasmeninti nar\u0161ymo duomenys, pagal kuriuos, negalima nustatyti asmenyb\u0117s, gali b\u016bti perduoti&nbsp;reklamos paslaug\u0173 partneriams.<\/p>\n\n\n\n<p><strong>Kokius slapukus mes naudojame?<\/strong><\/p>\n\n\n\n<p><strong>Techniniai slapukai<\/strong>. Techniniai slapukai padeda atvaizduoti Jums interneto svetain\u0117s bei mobiliosios aplikacijos turin\u012f J\u016bs\u0173 \u012frenginyje. Technini\u0173 slapuk\u0173 pagalba &nbsp;u\u017etikrinama interneto svetain\u0117s bei mobiliosios aplikacijos funkcionalum\u0105, bei prisitaikym\u0105 prie J\u016bs\u0173 poreiki\u0173, pavyzd\u017eiui svetain\u0117s atvaizdavim\u0105 pritaikyti J\u016bs\u0173 ekrano dyd\u017eiui. Techniniai slapukai yra b\u016btini tinkamam interneto svetain\u0117s ir mobiliosios aplikacijos veikimui. Be j\u0173 negalima &nbsp;sudaryti galimyb\u0117s visapusi\u0161kai naudotis m\u016bs\u0173 interneto svetaine ir mobili\u0105ja aplikacija. Techniniai slapukai taip pat u\u017etikrina, kad Jums davus sutikim\u0105 to nereik\u0117s daryti pakartotinai kiekvien\u0105 kart\u0105 Jums besilankant m\u016bs\u0173 interneto svetain\u0117je ar mobiliojoje aplikacijoje.<\/p>\n\n\n\n<p>\u0160ie slapukai nerenka apie Jus informacijos, kuri naudojama prekybai ar rinkodarai.<\/p>\n\n\n\n<p><strong>Funkciniai slapukai<\/strong>. Funkciniai slapukai yra skirti pagerinti &nbsp;interneto svetain\u0117s bei mobiliosios aplikacijos funkcionalum\u0105, padaryti interneto svetain\u0119 bei mobili\u0105j\u0105 aplikacij\u0105 patogi\u0105 bei efektyvi\u0105 J\u016bs\u0173 naudojimui. Funkciniai slapukai gali b\u016bti naudojami J\u016bs\u0173 pasirinktai interneto svetain\u0117s ar mobiliosios aplikacijos kalbai i\u0161saugoti, Jums pageidaujant, funkciniai slapukai padeda automati\u0161kai \u012fsiminti J\u016bs\u0173 registracijos duomenis, i\u0161saugoti J\u016bs\u0173 pasirinkt\u0105 preki\u0173 krep\u0161el\u012f ir atlieka pana\u0161ias interneto tinklapio ir mobiliosios aplikacijos J\u016bs\u0173 pasirinkto veikimo palaikymo funkcijas.<\/p>\n\n\n\n<p>\u0160ie slapukai nerenka apie Jus informacijos, kuri naudojama prekybai ar rinkodarai.<\/p>\n\n\n\n<p><strong>Analitiniai slapukai.&nbsp;<\/strong>Analitiniais slapukais mes siekiame geriau pa\u017einti m\u016bs\u0173 interneto svetain\u0117s ir mobiliosios aplikacijos lankytojus, kad gal\u0117tume kuo efektyviau pritaikyti m\u016bs\u0173 interneto svetain\u0117s ir mobiliosios aplikacijos veikim\u0105 prie J\u016bs\u0173 poreiki\u0173 ir nor\u0173. Analitini\u0173 slapuk\u0173 pagalba analizuojame savo veikl\u0105&nbsp;k\u0105 darome teisingai, o k\u0105 turime tobulinti.&nbsp;Analitiniai slapukai taip pat mums padeda gerinti savo veikl\u0105 ir u\u017etikrinti, kad J\u016bs\u0173 apsilankymai m\u016bs\u0173 interneto tinklapyje ar mobiliojoje aplikacijoje Jums b\u016bt\u0173 naudingi, o prek\u0117s aktualios.&nbsp;Analitini\u0173 slapuk\u0173 surinkta informacija yra bendrin\u0117 ir n\u0117ra individualizuota. Analitini\u0173 slapuk\u0173 informacij\u0105 gali b\u016bti panaudota siekiant &nbsp;atvaizduoti populiariausias \u017ei\u016br\u0117tas prekes, pateikti informacij\u0105 apie \u0161iuo metu aktualiausias prekes ir kit\u0105 nauding\u0105 informacij\u0105 Jums nar\u0161ant. &nbsp;Analitiniai slapukai gali b\u016bti panaudojami ir siekiant \u012fvertinti m\u016bs\u0173 reklamini\u0173 kampanij\u0173 tikslingum\u0105.<\/p>\n\n\n\n<p><strong>Kaip galiu valdyti slapuk\u0173 nustatymus?<\/strong><\/p>\n\n\n\n<p>Slapukus galite valdyti per savo naudojamos nar\u0161ykl\u0117s nustatymus pasirinkdami, kuriuos slapukus norite priimti ir kuriuos i\u0161trinti. &nbsp;Slapuk\u0173 galite atsisakyti bet kuriuo metu i\u0161trindami slapukus i\u0161 savo nar\u0161ykl\u0117s, kurioje jie yra \u012fdiegti. Slapuk\u0173 valdymo vieta priklauso nuo J\u016bs\u0173 naudojamos nar\u0161ykl\u0117s. Nor\u0117dami daugiau su\u017einoti kaip tvarkyti ar pa\u0161alinti J\u016bs\u0173 nar\u0161ykl\u0117je \u012fdiegtus slapukus, apsilankykite J\u016bs\u0173 naudojamos nar\u0161ykl\u0117s interneto puslapyje.<\/p>\n\n\n\n<p>J\u016bs taip pat galite bet kada at\u0161aukti savo duot\u0105 sutikim\u0105 d\u0117l slapuk\u0173 naudojimo pateikdami mums pra\u0161ym\u0105 elektroniniu pa\u0161tu&nbsp;<strong><a href=\"mailto:info@matuza-tactical.lt\">info@matuza-tactical.lt<\/a>.<\/strong> J\u016bs taip pat turite i\u0161trinti J\u016bs\u0173 nar\u0161ykl\u0117je \u012fdiegtus slapukus.<\/p>\n\n\n\n<p><strong>Svarbu \u017einoti, kad naudotis svetaine atsisakius technini\u0173, funkcini\u0173 ir analitini\u0173 slapuk\u0173 nebus galima, tod\u0117l slapuk\u0173 trinti ar blokuoti nerekomenduojame.<\/strong><\/p>\n\n\n\n<p><strong>11. Privatumo politikos pakeitimai<\/strong><\/p>\n\n\n\n<p>Mes galime bet kada atnaujinti ar pakeisti \u0161i\u0105 Privatumo politik\u0105. Tokia atnaujinta ar pakeista Privatumo politika \u012fsigalios nuo jos paskelbimo m\u016bs\u0173 Interneto svetain\u0117je. Jei bus padaryti esminiai Privatumo politikos pakeitimai, apie tai bus prane\u0161ama Internetin\u0117je svetain\u0117je. Nepaisant to, Jums reik\u0117t\u0173 kartais patikrinti \u0161\u012f puslap\u012f ir \u012fsitikinti, kad Jus tenkina aktuali Privatumo politikos versija.<\/p>\n\n\n\n<p><strong>12. Kontaktin\u0117 informacija<\/strong><\/p>\n\n\n\n<p>Jei turite bet koki\u0173 klausim\u0173, susijusi\u0173 su \u0161ios Privatumo politikos s\u0105lygomis, maloniai pra\u0161ome su mumis susisiekti, \u017eemiau nurodytais kontaktais:<\/p>\n\n\n\n<p>El. pa\u0161tas: info@matuza-tactical.lt<br>Paskutinis Privatumo politikos atnaujinimas buvo atliktas 2020 11 13.<\/p>","protected":false},"excerpt":{"rendered":"<p>1. K\u0105 rei\u0161kia \u0161i privatumo politika?\u0160i privatumo politika (toliau&nbsp;\u2013 Privatumo politika) apibr\u0117\u017eia s\u0105lygas, kuri\u0173 privalo laikytis visi interneto svetain\u0117s https:\/\/matuza-tactical.lt (toliau&nbsp;\u2013 Interneto svetain\u0117) lankytojai (toliau&nbsp;\u2013 Lankytojai). Laikoma, kad Lankytojas susipa\u017e\u012fsta ir i\u0161rei\u0161kia savo sutikim\u0105 laikytis Privatumo politikos, kai jis apsilanko Interneto svetain\u0117je, prisijungia prie Interneto svetain\u0117s ir (ar) \u012fsigyja Interneto svetain\u0117je parduodam\u0105 prek\u0119 ir (ar) [&hellip;]<\/p>\n","protected":false},"author":1,"featured_media":0,"parent":0,"menu_order":0,"comment_status":"closed","ping_status":"open","template":"","meta":{"_exactmetrics_skip_tracking":false,"_exactmetrics_sitenote_active":false,"_exactmetrics_sitenote_note":"","_exactmetrics_sitenote_category":0,"footnotes":""},"class_list":["post-3","page","type-page","status-publish","hentry"],"aioseo_notices":[],"jetpack_sharing_enabled":true,"_links":{"self":[{"href":"https:\/\/matuza-tactical.lt\/en\/wp-json\/wp\/v2\/pages\/3","targetHints":{"allow":["GET"]}}],"collection":[{"href":"https:\/\/matuza-tactical.lt\/en\/wp-json\/wp\/v2\/pages"}],"about":[{"href":"https:\/\/matuza-tactical.lt\/en\/wp-json\/wp\/v2\/types\/page"}],"author":[{"embeddable":true,"href":"https:\/\/matuza-tactical.lt\/en\/wp-json\/wp\/v2\/users\/1"}],"replies":[{"embeddable":true,"href":"https:\/\/matuza-tactical.lt\/en\/wp-json\/wp\/v2\/comments?post=3"}],"version-history":[{"count":4,"href":"https:\/\/matuza-tactical.lt\/en\/wp-json\/wp\/v2\/pages\/3\/revisions"}],"predecessor-version":[{"id":931,"href":"https:\/\/matuza-tactical.lt\/en\/wp-json\/wp\/v2\/pages\/3\/revisions\/931"}],"wp:attachment":[{"href":"https:\/\/matuza-tactical.lt\/en\/wp-json\/wp\/v2\/media?parent=3"}],"curies":[{"name":"wp","href":"https:\/\/api.w.org\/{rel}","templated":true}]}}