{"id":153,"date":"2018-10-25T11:27:47","date_gmt":"2018-10-25T08:27:47","guid":{"rendered":"https:\/\/futuriodemos.com\/woocommerce-fashion\/?page_id=153"},"modified":"2026-02-02T14:54:23","modified_gmt":"2026-02-02T12:54:23","slug":"kontaktai","status":"publish","type":"page","link":"https:\/\/matuza-tactical.lt\/en\/kontaktai\/","title":{"rendered":"Contacts"},"content":{"rendered":"<p>UAB \u201eMatuza Tactical\u201c<\/p>\n<p>\u012emon\u0117s kodas 306054342<\/p>\n<p>PVM mok\u0117tojo kodas LT100014881915<\/p>\n<p>Kilu\u010di\u0173 g. 13C, Kilu\u010di\u0173 k., LT-41103 Bir\u017e\u0173 r.<\/p>\n<p>El. pa\u0161tas info@matuza-tactical.lt<\/p>\n<p>Tel. +37065774112<\/p>\n<p>M\u016bs\u0173 gamini\u0173 ie\u0161kokite parduotuv\u0117se:<\/p>\n<p>Vilniuje:\u00a0<\/p>\n<ul>\n<li>\u201eRadijo ry\u0161io sistemos\u201c, Kirtim\u0173 g. 47\u00a0<\/li>\n<li>\u201eFighterShop\u201c,\u00a0pasa\u017ee \u201ePas Juozap\u0105\u201c\u00a0 Laisv\u0117s pr. 125A\u00a0<\/li>\n<li>\u201eMedzioklis.com\u201c, Siesik\u0173 g. 14\u00a0<\/li>\n<\/ul>\n<p>Kaune:\u00a0<\/p>\n<ul>\n<li>\u201eRadijo ry\u0161io sistemos\u201c, Kr\u0117v\u0117s pr. 97-1\u00a0<\/li>\n<\/ul>\n<p>Klaip\u0117doje:\u00a0<\/p>\n<ul>\n<li>\u201eMed\u017eiokl\u0117s reikmenys\u201c, Birut\u0117s g. 12<\/li>\n<\/ul>\n<p>Panev\u0117\u017eyje:\u00a0<\/p>\n<ul>\n<li>\u201eBunkeris\u201c, Vilniaus g. 14<\/li>\n<\/ul>\n<p>\u0160iauliuose:\u00a0<\/p>\n<ul>\n<li>\u201e7,62 Military &amp; Outdoor\u201c, \u017demait\u0117s g. 32\u00a0<\/li>\n<\/ul>\n<p>Rukloje:\u00a0<\/p>\n<ul>\n<li>\u201eRuklitas\u201c, Karaliaus Mindaugo g. 5<\/li>\n<\/ul>\n\n\n<p><\/p>","protected":false},"excerpt":{"rendered":"<p>UAB \u201eMatuza Tactical\u201c \u012emon\u0117s kodas 306054342 PVM mok\u0117tojo kodas LT100014881915 Kilu\u010di\u0173 g. 13C, Kilu\u010di\u0173 k., LT-41103 Bir\u017e\u0173 r. El. pa\u0161tas info@matuza-tactical.lt Tel. +37065774112 M\u016bs\u0173 gamini\u0173 ie\u0161kokite parduotuv\u0117se: Vilniuje:\u00a0 \u201eRadijo ry\u0161io sistemos\u201c, Kirtim\u0173 g. 47\u00a0 \u201eFighterShop\u201c,\u00a0pasa\u017ee \u201ePas Juozap\u0105\u201c\u00a0 Laisv\u0117s pr. 125A\u00a0 \u201eMedzioklis.com\u201c, Siesik\u0173 g. 14\u00a0 Kaune:\u00a0 \u201eRadijo ry\u0161io sistemos\u201c, Kr\u0117v\u0117s pr. 97-1\u00a0 Klaip\u0117doje:\u00a0 \u201eMed\u017eiokl\u0117s reikmenys\u201c, Birut\u0117s [&hellip;]<\/p>\n","protected":false},"author":1,"featured_media":0,"parent":0,"menu_order":0,"comment_status":"closed","ping_status":"closed","template":"","meta":{"_exactmetrics_skip_tracking":false,"_exactmetrics_sitenote_active":false,"_exactmetrics_sitenote_note":"","_exactmetrics_sitenote_category":0,"footnotes":""},"class_list":["post-153","page","type-page","status-publish","hentry"],"aioseo_notices":[],"jetpack_sharing_enabled":true,"_links":{"self":[{"href":"https:\/\/matuza-tactical.lt\/en\/wp-json\/wp\/v2\/pages\/153","targetHints":{"allow":["GET"]}}],"collection":[{"href":"https:\/\/matuza-tactical.lt\/en\/wp-json\/wp\/v2\/pages"}],"about":[{"href":"https:\/\/matuza-tactical.lt\/en\/wp-json\/wp\/v2\/types\/page"}],"author":[{"embeddable":true,"href":"https:\/\/matuza-tactical.lt\/en\/wp-json\/wp\/v2\/users\/1"}],"replies":[{"embeddable":true,"href":"https:\/\/matuza-tactical.lt\/en\/wp-json\/wp\/v2\/comments?post=153"}],"version-history":[{"count":9,"href":"https:\/\/matuza-tactical.lt\/en\/wp-json\/wp\/v2\/pages\/153\/revisions"}],"predecessor-version":[{"id":10226,"href":"https:\/\/matuza-tactical.lt\/en\/wp-json\/wp\/v2\/pages\/153\/revisions\/10226"}],"wp:attachment":[{"href":"https:\/\/matuza-tactical.lt\/en\/wp-json\/wp\/v2\/media?parent=153"}],"curies":[{"name":"wp","href":"https:\/\/api.w.org\/{rel}","templated":true}]}}